{"id":1067,"date":"2025-07-30T21:04:14","date_gmt":"2025-07-30T19:04:14","guid":{"rendered":"http:\/\/www.relsberg.de\/?page_id=1067"},"modified":"2025-07-30T21:06:34","modified_gmt":"2025-07-30T19:06:34","slug":"kirchengemeinde","status":"publish","type":"page","link":"https:\/\/www.relsberg.de\/index.php\/kirchengemeinde\/","title":{"rendered":"Kirchengemeinde"},"content":{"rendered":"\n<p>Seit jeher geh\u00f6rte Relsberg sowohl kirchlich als auch herrschaftlich zu Reipoltskirchen. Die Bewohner \u2013 Untertanen und Leibeigene \u2013 folgten in Glaubensfragen stets der Konfession ihrer Herren: Mal katholisch, mal evangelisch, sp\u00e4ter wieder katholisch, je nachdem, welcher Religion die Herrschaft von Reipoltskirchen anhing. Die katholischen Gl\u00e4ubigen z\u00e4hlten von Anfang an zur Kirchengemeinde Reipoltskirchen, und das ist bis heute so geblieben.<\/p>\n\n\n\n<p>Im <a href=\"https:\/\/de.wikipedia.org\/wiki\/Visitation\" target=\"_blank\" rel=\"noopener\" title=\"\">Visitationsprotokoll<\/a> von 1584 wird ein Hans Schumacher aus Relsberg als <a href=\"https:\/\/de.wikipedia.org\/wiki\/Presbyter\" target=\"_blank\" rel=\"noopener\" title=\"\">Presbyter<\/a> erw\u00e4hnt, der eine Aussage zur kirchlichen Lage in Niederkirchen machte. Dies l\u00e4sst darauf schlie\u00dfen, dass zu dieser Zeit die lutherischen Gl\u00e4ubigen bereits zur Gemeinde Niederkirchen geh\u00f6rten. M\u00f6glich ist allerdings, dass es sich dabei lediglich um die Leibeigenen des Herzogtums Zweibr\u00fccken handelte, w\u00e4hrend die lutherischen Untertanen von Reipoltskirchen der Pfarrei Rathskirchen zugeordnet waren.<\/p>\n\n\n\n<p>Nach dem Ende des Drei\u00dfigj\u00e4hrigen Krieges im Jahr 1648 wurde die individuelle Glaubensaus\u00fcbung erlaubt. Im Jahr 1788 schlossen sich schlie\u00dflich auch die lutherischen Gl\u00e4ubigen aus Reipoltskirchen der Kirchengemeinde Niederkirchen an.<\/p>\n\n\n\n<p>Mit der pf\u00e4lzischen Kirchenunion von 1818 wurden die lutherischen und reformierten Gemeinden zur Evangelischen Kirche der Pfalz zusammengef\u00fchrt. Relsberg blieb weiterhin Teil der Pfarrei Niederkirchen \u2013 bis 1968, als die Kirchenleitung in Speyer eine Neuordnung der Bezirke beschloss. Infolgedessen wechselten Heimkirchen nach Niederkirchen, W\u00f6rsbach nach Olsbr\u00fccken und Relsberg zur Pfarrei Ein\u00f6llen.<\/p>\n\n\n\n<p>Als die Pfarrei Ein\u00f6llen im Jahr 2018 aufgel\u00f6st wurde, sprach vieles aus kirchengeschichtlicher Sicht f\u00fcr eine R\u00fcckkehr zu Niederkirchen. Das Presbyterium entschied sich entsprechend, und seit dem 1. Januar 2018 geh\u00f6rt Relsberg wieder zur Kirchengemeinde Niederkirchen.<\/p>\n\n\n\n<p>Autor: Rudi Hentzel 2025<\/p>\n","protected":false},"excerpt":{"rendered":"<p>Seit jeher geh\u00f6rte Relsberg sowohl kirchlich als auch herrschaftlich zu Reipoltskirchen. Die Bewohner \u2013 Untertanen und Leibeigene \u2013 folgten in Glaubensfragen stets der Konfession ihrer Herren: Mal katholisch, mal evangelisch, sp\u00e4ter wieder katholisch, je&#46;&#46;&#46;<\/p>\n","protected":false},"author":1,"featured_media":0,"parent":0,"menu_order":0,"comment_status":"closed","ping_status":"closed","template":"","meta":{"ngg_post_thumbnail":0,"_EventAllDay":false,"_EventTimezone":"","_EventStartDate":"","_EventEndDate":"","_EventStartDateUTC":"","_EventEndDateUTC":"","_EventShowMap":false,"_EventShowMapLink":false,"_EventURL":"","_EventCost":"","_EventCostDescription":"","_EventCurrencySymbol":"","_EventCurrencyCode":"","_EventCurrencyPosition":"","_EventDateTimeSeparator":"","_EventTimeRangeSeparator":"","_EventOrganizerID":[],"_EventVenueID":[],"_OrganizerEmail":"","_OrganizerPhone":"","_OrganizerWebsite":"","_VenueAddress":"","_VenueCity":"","_VenueCountry":"","_VenueProvince":"","_VenueState":"","_VenueZip":"","_VenuePhone":"","_VenueURL":"","_VenueStateProvince":"","_VenueLat":"","_VenueLng":"","_VenueShowMap":false,"_VenueShowMapLink":false,"iawp_total_views":69,"footnotes":""},"class_list":["post-1067","page","type-page","status-publish","hentry"],"aioseo_notices":[],"_links":{"self":[{"href":"https:\/\/www.relsberg.de\/index.php\/wp-json\/wp\/v2\/pages\/1067","targetHints":{"allow":["GET"]}}],"collection":[{"href":"https:\/\/www.relsberg.de\/index.php\/wp-json\/wp\/v2\/pages"}],"about":[{"href":"https:\/\/www.relsberg.de\/index.php\/wp-json\/wp\/v2\/types\/page"}],"author":[{"embeddable":true,"href":"https:\/\/www.relsberg.de\/index.php\/wp-json\/wp\/v2\/users\/1"}],"replies":[{"embeddable":true,"href":"https:\/\/www.relsberg.de\/index.php\/wp-json\/wp\/v2\/comments?post=1067"}],"version-history":[{"count":4,"href":"https:\/\/www.relsberg.de\/index.php\/wp-json\/wp\/v2\/pages\/1067\/revisions"}],"predecessor-version":[{"id":2378,"href":"https:\/\/www.relsberg.de\/index.php\/wp-json\/wp\/v2\/pages\/1067\/revisions\/2378"}],"wp:attachment":[{"href":"https:\/\/www.relsberg.de\/index.php\/wp-json\/wp\/v2\/media?parent=1067"}],"curies":[{"name":"wp","href":"https:\/\/api.w.org\/{rel}","templated":true}]}}