{"id":44,"date":"2024-08-28T14:44:40","date_gmt":"2024-08-28T12:44:40","guid":{"rendered":"http:\/\/www.relsberg.de\/?page_id=44"},"modified":"2026-03-19T16:51:51","modified_gmt":"2026-03-19T15:51:51","slug":"dorfgemeinschaftshalle","status":"publish","type":"page","link":"https:\/\/www.relsberg.de\/index.php\/gemeinde\/dorfgemeinschaftshalle\/","title":{"rendered":"Dorfgemeinschaftshalle"},"content":{"rendered":"<figure style=\"width:480px;\" class=\"aligncenter wp-block-post-featured-image\"><img loading=\"lazy\" decoding=\"async\" width=\"2000\" height=\"1331\" src=\"https:\/\/www.relsberg.de\/wp-content\/uploads\/2024\/08\/2-Relsberg-DGH-2.jpg\" class=\"attachment-post-thumbnail size-post-thumbnail wp-post-image\" alt=\"\" style=\"object-fit:cover;\" srcset=\"https:\/\/www.relsberg.de\/wp-content\/uploads\/2024\/08\/2-Relsberg-DGH-2.jpg 2000w, https:\/\/www.relsberg.de\/wp-content\/uploads\/2024\/08\/2-Relsberg-DGH-2-300x200.jpg 300w, https:\/\/www.relsberg.de\/wp-content\/uploads\/2024\/08\/2-Relsberg-DGH-2-1024x681.jpg 1024w, https:\/\/www.relsberg.de\/wp-content\/uploads\/2024\/08\/2-Relsberg-DGH-2-768x511.jpg 768w, https:\/\/www.relsberg.de\/wp-content\/uploads\/2024\/08\/2-Relsberg-DGH-2-1536x1022.jpg 1536w\" sizes=\"auto, (max-width: 2000px) 100vw, 2000px\" \/><\/figure>\n\n\n<div style=\"height:20px\" aria-hidden=\"true\" class=\"wp-block-spacer\"><\/div>\n\n\n\n<p style=\"font-size:20px\"><strong>Raum f\u00fcr Begegnung und Veranstaltungen<\/strong><\/p>\n\n\n\n<p>Mitten im Dorf bietet die Dorfgemeinschaftshalle in Relsberg den idealen Ort f\u00fcr Veranstaltungen aller Art. Ob Familienfeier, Vereinsveranstaltung, kulturelle Events, private Feste oder auch Trauerfeiern \u2013 die Halle bietet ausreichend Platz und eine angenehme Atmosph\u00e4re f\u00fcr gemeinschaftliche Erlebnisse.<\/p>\n\n\n\n<p>Die moderne Ausstattung und die flexible Nutzungsm\u00f6glichkeit machen die Halle zu einem beliebten Treffpunkt f\u00fcr Einwohner und G\u00e4ste. Hier kommen Menschen zusammen, um zu feiern, sich auszutauschen und das Dorfleben aktiv zu gestalten.<\/p>\n\n\n\n<p><strong>M\u00f6gliche Nutzungen:<\/strong><\/p>\n\n\n\n<ul class=\"wp-block-list\">\n<li>Geburtstage, Familienfeiern, Trauerfeiern<\/li>\n\n\n\n<li>Vereinsversammlungen<\/li>\n\n\n\n<li>Dorffeste und kulturelle Veranstaltungen<\/li>\n\n\n\n<li>Workshops und Kurse<\/li>\n\n\n\n<li>Private oder \u00f6ffentliche Veranstaltungen<\/li>\n<\/ul>\n\n\n\n<p>Die Dorfgemeinschaftshalle steht nach Absprache zur Verf\u00fcgung und kann f\u00fcr unterschiedliche Anl\u00e4sse gemietet werden.<\/p>\n\n\n\n<p>\ud83d\udc49 <strong>Interesse an einer Nutzung?<\/strong><br>Nehmen Sie gerne Kontakt mit Ralf Henn unter: <a href=\"mailto:info@relsberg.de\">info@relsberg.de<\/a> auf, um Termine, Ausstattung und weitere Details zu erfahren. Eine Nutzungsvereinbarung inkl. Nutzungsgeb\u00fchren steht hier zum Download bereit:<\/p>\n\n\n\n<div data-wp-interactive=\"core\/file\" class=\"wp-block-file\"><object data-wp-bind--hidden=\"!state.hasPdfPreview\" hidden class=\"wp-block-file__embed\" data=\"https:\/\/www.relsberg.de\/wp-content\/uploads\/2026\/03\/Nutzungsvereinbarung-DGH-Relsberg-.pdf\" type=\"application\/pdf\" style=\"width:100%;height:600px\" aria-label=\"Einbettung von Nutzungsvereinbarung DGH Relsberg.\"><\/object><a id=\"wp-block-file--media-dd475fde-8542-4b1f-9445-5e45206c53e9\" href=\"https:\/\/www.relsberg.de\/wp-content\/uploads\/2026\/03\/Nutzungsvereinbarung-DGH-Relsberg-.pdf\">Nutzungsvereinbarung DGH Relsberg<\/a><a href=\"https:\/\/www.relsberg.de\/wp-content\/uploads\/2026\/03\/Nutzungsvereinbarung-DGH-Relsberg-.pdf\" class=\"wp-block-file__button wp-element-button\" download aria-describedby=\"wp-block-file--media-dd475fde-8542-4b1f-9445-5e45206c53e9\">Herunterladen<\/a><\/div>\n","protected":false},"excerpt":{"rendered":"<p>Raum f\u00fcr Begegnung und Veranstaltungen Mitten im Dorf bietet die Dorfgemeinschaftshalle in Relsberg den idealen Ort f\u00fcr Veranstaltungen aller Art. Ob Familienfeier, Vereinsveranstaltung, kulturelle Events, private Feste oder auch Trauerfeiern \u2013 die Halle bietet&#46;&#46;&#46;<\/p>\n","protected":false},"author":1,"featured_media":111,"parent":11,"menu_order":0,"comment_status":"closed","ping_status":"closed","template":"","meta":{"ngg_post_thumbnail":0,"_EventAllDay":false,"_EventTimezone":"","_EventStartDate":"","_EventEndDate":"","_EventStartDateUTC":"","_EventEndDateUTC":"","_EventShowMap":false,"_EventShowMapLink":false,"_EventURL":"","_EventCost":"","_EventCostDescription":"","_EventCurrencySymbol":"","_EventCurrencyCode":"","_EventCurrencyPosition":"","_EventDateTimeSeparator":"","_EventTimeRangeSeparator":"","_EventOrganizerID":[],"_EventVenueID":[],"_OrganizerEmail":"","_OrganizerPhone":"","_OrganizerWebsite":"","_VenueAddress":"","_VenueCity":"","_VenueCountry":"","_VenueProvince":"","_VenueState":"","_VenueZip":"","_VenuePhone":"","_VenueURL":"","_VenueStateProvince":"","_VenueLat":"","_VenueLng":"","_VenueShowMap":false,"_VenueShowMapLink":false,"iawp_total_views":116,"footnotes":""},"class_list":["post-44","page","type-page","status-publish","has-post-thumbnail","hentry"],"aioseo_notices":[],"_links":{"self":[{"href":"https:\/\/www.relsberg.de\/index.php\/wp-json\/wp\/v2\/pages\/44","targetHints":{"allow":["GET"]}}],"collection":[{"href":"https:\/\/www.relsberg.de\/index.php\/wp-json\/wp\/v2\/pages"}],"about":[{"href":"https:\/\/www.relsberg.de\/index.php\/wp-json\/wp\/v2\/types\/page"}],"author":[{"embeddable":true,"href":"https:\/\/www.relsberg.de\/index.php\/wp-json\/wp\/v2\/users\/1"}],"replies":[{"embeddable":true,"href":"https:\/\/www.relsberg.de\/index.php\/wp-json\/wp\/v2\/comments?post=44"}],"version-history":[{"count":15,"href":"https:\/\/www.relsberg.de\/index.php\/wp-json\/wp\/v2\/pages\/44\/revisions"}],"predecessor-version":[{"id":3040,"href":"https:\/\/www.relsberg.de\/index.php\/wp-json\/wp\/v2\/pages\/44\/revisions\/3040"}],"up":[{"embeddable":true,"href":"https:\/\/www.relsberg.de\/index.php\/wp-json\/wp\/v2\/pages\/11"}],"wp:featuredmedia":[{"embeddable":true,"href":"https:\/\/www.relsberg.de\/index.php\/wp-json\/wp\/v2\/media\/111"}],"wp:attachment":[{"href":"https:\/\/www.relsberg.de\/index.php\/wp-json\/wp\/v2\/media?parent=44"}],"curies":[{"name":"wp","href":"https:\/\/api.w.org\/{rel}","templated":true}]}}