{"id":48,"date":"2024-08-28T14:44:40","date_gmt":"2024-08-28T12:44:40","guid":{"rendered":"http:\/\/www.relsberg.de\/?page_id=48"},"modified":"2025-05-27T10:57:08","modified_gmt":"2025-05-27T08:57:08","slug":"schuetzenverein-tell","status":"publish","type":"page","link":"https:\/\/www.relsberg.de\/index.php\/vereine\/schuetzenverein-tell\/","title":{"rendered":"Sch\u00fctzenverein \u201eTell\u201c e.V. 1965 Relsberg"},"content":{"rendered":"\n<div class=\"wp-block-media-text is-stacked-on-mobile is-vertically-aligned-top\"><figure  class=\"wp-block-media-text__media\"><img loading=\"lazy\" decoding=\"async\" width=\"300\" height=\"347\" alt=\"\" src=\"https:\/\/www.relsberg.de\/wp-content\/uploads\/2024\/11\/SVTell-e1732202838607.jpg\" class=\"wp-image-362 size-full\"><\/figure><div class=\"wp-block-media-text__content\">\n<p style=\"font-size:16px\">Der Sch\u00fctzenverein \u201eTell\u201c wurde am 28. Dezember 1964 im Gasthaus Mau\u00e9 gegr\u00fcndet \u2013 auf Initiative von Hermann Kliem, der auch erster Vorsitzender wurde. Mit 16 Gr\u00fcndungsmitgliedern begann eine \u00fcber 50-j\u00e4hrige Vereinsgeschichte, die den Schie\u00dfsport und das Gemeinschaftsleben in Relsberg nachhaltig gepr\u00e4gt hat.<\/p>\n\n\n\n<p><\/p>\n<\/div><\/div>\n\n\n\n<div style=\"height:50px\" aria-hidden=\"true\" class=\"wp-block-spacer\"><\/div>\n\n\n\n<p style=\"font-size:16px\">Schon fr\u00fch nahm der Verein erfolgreich an Rundenk\u00e4mpfen teil, baute eine starke Jugendabteilung auf und errang zahlreiche sportliche Erfolge \u2013 unter anderem durch Nachwuchstalente wie Eva Haubert und Michael Zimmer. 1983 wurde im ehemaligen Raiffeisenlagerhaus eine moderne Schie\u00dfanlage eingerichtet, die 2002 auf Elektrobetrieb umgestellt wurde.<\/p>\n\n\n\n<p style=\"font-size:16px\">Neben dem sportlichen Erfolg engagierte sich der Verein auch sozial und kulturell: Spendenaktionen, Mitgestaltung von Festen, das beliebte Ostereierschie\u00dfen, Sommerbiathlons sowie die Pflege der Dorfgemeinschaft geh\u00f6ren ebenso zur Vereinsidentit\u00e4t wie regelm\u00e4\u00dfige Familien- und Ehrenabende.<\/p>\n\n\n\n<p style=\"font-size:16px\">Nach einem personellen Tiefpunkt 2014\/15 konnte der Verein durch das Engagement von Werner Mau\u00e9 und Nadine Weber neu aufgestellt werden. Seitdem blickt der SV \u201eTell\u201c Relsberg wieder optimistisch in die Zukunft.<\/p>\n\n\n\n<div style=\"height:20px\" aria-hidden=\"true\" class=\"wp-block-spacer\"><\/div>\n\n\n\n<p style=\"font-size:16px\"><strong>Bilder aus der Chronik von Erwin Scherer aus 2017<\/strong>:<\/p>\n\n\n\nngg_shortcode_0_placeholder\n","protected":false},"excerpt":{"rendered":"<p>Der Sch\u00fctzenverein \u201eTell\u201c wurde am 28. Dezember 1964 im Gasthaus Mau\u00e9 gegr\u00fcndet \u2013 auf Initiative von Hermann Kliem, der auch erster Vorsitzender wurde. Mit 16 Gr\u00fcndungsmitgliedern begann eine \u00fcber 50-j\u00e4hrige Vereinsgeschichte, die den Schie\u00dfsport&#46;&#46;&#46;<\/p>\n","protected":false},"author":1,"featured_media":362,"parent":12,"menu_order":0,"comment_status":"closed","ping_status":"closed","template":"","meta":{"ngg_post_thumbnail":0,"_EventAllDay":false,"_EventTimezone":"","_EventStartDate":"","_EventEndDate":"","_EventStartDateUTC":"","_EventEndDateUTC":"","_EventShowMap":false,"_EventShowMapLink":false,"_EventURL":"","_EventCost":"","_EventCostDescription":"","_EventCurrencySymbol":"","_EventCurrencyCode":"","_EventCurrencyPosition":"","_EventDateTimeSeparator":"","_EventTimeRangeSeparator":"","_EventOrganizerID":[],"_EventVenueID":[],"_OrganizerEmail":"","_OrganizerPhone":"","_OrganizerWebsite":"","_VenueAddress":"","_VenueCity":"","_VenueCountry":"","_VenueProvince":"","_VenueState":"","_VenueZip":"","_VenuePhone":"","_VenueURL":"","_VenueStateProvince":"","_VenueLat":"","_VenueLng":"","_VenueShowMap":false,"_VenueShowMapLink":false,"iawp_total_views":136,"footnotes":""},"class_list":["post-48","page","type-page","status-publish","has-post-thumbnail","hentry"],"aioseo_notices":[],"_links":{"self":[{"href":"https:\/\/www.relsberg.de\/index.php\/wp-json\/wp\/v2\/pages\/48","targetHints":{"allow":["GET"]}}],"collection":[{"href":"https:\/\/www.relsberg.de\/index.php\/wp-json\/wp\/v2\/pages"}],"about":[{"href":"https:\/\/www.relsberg.de\/index.php\/wp-json\/wp\/v2\/types\/page"}],"author":[{"embeddable":true,"href":"https:\/\/www.relsberg.de\/index.php\/wp-json\/wp\/v2\/users\/1"}],"replies":[{"embeddable":true,"href":"https:\/\/www.relsberg.de\/index.php\/wp-json\/wp\/v2\/comments?post=48"}],"version-history":[{"count":12,"href":"https:\/\/www.relsberg.de\/index.php\/wp-json\/wp\/v2\/pages\/48\/revisions"}],"predecessor-version":[{"id":2221,"href":"https:\/\/www.relsberg.de\/index.php\/wp-json\/wp\/v2\/pages\/48\/revisions\/2221"}],"up":[{"embeddable":true,"href":"https:\/\/www.relsberg.de\/index.php\/wp-json\/wp\/v2\/pages\/12"}],"wp:featuredmedia":[{"embeddable":true,"href":"https:\/\/www.relsberg.de\/index.php\/wp-json\/wp\/v2\/media\/362"}],"wp:attachment":[{"href":"https:\/\/www.relsberg.de\/index.php\/wp-json\/wp\/v2\/media?parent=48"}],"curies":[{"name":"wp","href":"https:\/\/api.w.org\/{rel}","templated":true}]}}