{"id":99,"date":"2025-05-27T10:26:56","date_gmt":"2025-05-27T08:26:56","guid":{"rendered":"http:\/\/www.relsberg.de\/?page_id=99"},"modified":"2026-03-19T16:59:57","modified_gmt":"2026-03-19T15:59:57","slug":"gemeinderat","status":"publish","type":"page","link":"https:\/\/www.relsberg.de\/index.php\/gemeinde\/gemeinderat\/","title":{"rendered":"Relsberger Gemeinderat"},"content":{"rendered":"\n<p><\/p>\n\n\n\n<p style=\"font-size:16px\">Der Gemeinderat ist die Vertretung der B\u00fcrger und das Hauptorgan der Gemeinde. Er besteht aus dem B\u00fcrgermeister als Vorsitzendem und den ehrenamtlichen Mitgliedern (Gemeinder\u00e4te). Die Amtszeit des Gemeinderats betr\u00e4gt f\u00fcnf Jahre.<\/p>\n\n\n\n<div style=\"height:30px\" aria-hidden=\"true\" class=\"wp-block-spacer\"><\/div>\n\n\n<figure style=\"width:480px;\" class=\"aligncenter wp-block-post-featured-image\"><img loading=\"lazy\" decoding=\"async\" width=\"2560\" height=\"1920\" src=\"https:\/\/www.relsberg.de\/wp-content\/uploads\/2026\/03\/PXL_20240710_182911686-scaled.jpg\" class=\"attachment-post-thumbnail size-post-thumbnail wp-post-image\" alt=\"\" style=\"object-fit:cover;\" srcset=\"https:\/\/www.relsberg.de\/wp-content\/uploads\/2026\/03\/PXL_20240710_182911686-scaled.jpg 2560w, https:\/\/www.relsberg.de\/wp-content\/uploads\/2026\/03\/PXL_20240710_182911686-300x225.jpg 300w, https:\/\/www.relsberg.de\/wp-content\/uploads\/2026\/03\/PXL_20240710_182911686-1024x768.jpg 1024w, https:\/\/www.relsberg.de\/wp-content\/uploads\/2026\/03\/PXL_20240710_182911686-150x113.jpg 150w, https:\/\/www.relsberg.de\/wp-content\/uploads\/2026\/03\/PXL_20240710_182911686-768x576.jpg 768w, https:\/\/www.relsberg.de\/wp-content\/uploads\/2026\/03\/PXL_20240710_182911686-1536x1152.jpg 1536w, https:\/\/www.relsberg.de\/wp-content\/uploads\/2026\/03\/PXL_20240710_182911686-2048x1536.jpg 2048w\" sizes=\"auto, (max-width: 2560px) 100vw, 2560px\" \/><\/figure>\n\n\n<p class=\"has-text-align-center\" style=\"font-size:12px\">Paul Laub, J\u00fcrgen Werner, Manuela Cond\u00e9, Ralf Henn, Uwe Welker, Holger Bacher, Joachim Kullack<\/p>\n\n\n\n<h3 class=\"wp-block-heading\">Dem Gemeinderat geh\u00f6ren an:<\/h3>\n\n\n\n<p style=\"font-size:16px\">Ralf Henn (Ortsb\u00fcrgermeister)<\/p>\n\n\n\n<p style=\"font-size:16px\">Manuela Ga\u00df (1. Beigeordnete)<\/p>\n\n\n\n<p style=\"font-size:16px\">Uwe Welker (2. Beigeordneter)<\/p>\n\n\n\n<p style=\"font-size:16px\">Joachim Kullack<\/p>\n\n\n\n<p style=\"font-size:16px\">J\u00fcrgen Werner<\/p>\n\n\n\n<p style=\"font-size:16px\">Holger Bacher<\/p>\n\n\n\n<p style=\"font-size:16px\">Paul Laub<\/p>\n\n\n\n<p><\/p>\n","protected":false},"excerpt":{"rendered":"<p>Der Gemeinderat ist die Vertretung der B\u00fcrger und das Hauptorgan der Gemeinde. Er besteht aus dem B\u00fcrgermeister als Vorsitzendem und den ehrenamtlichen Mitgliedern (Gemeinder\u00e4te). Die Amtszeit des Gemeinderats betr\u00e4gt f\u00fcnf Jahre. Paul Laub, J\u00fcrgen&#46;&#46;&#46;<\/p>\n","protected":false},"author":1,"featured_media":3042,"parent":11,"menu_order":0,"comment_status":"closed","ping_status":"closed","template":"","meta":{"ngg_post_thumbnail":0,"_EventAllDay":false,"_EventTimezone":"","_EventStartDate":"","_EventEndDate":"","_EventStartDateUTC":"","_EventEndDateUTC":"","_EventShowMap":false,"_EventShowMapLink":false,"_EventURL":"","_EventCost":"","_EventCostDescription":"","_EventCurrencySymbol":"","_EventCurrencyCode":"","_EventCurrencyPosition":"","_EventDateTimeSeparator":"","_EventTimeRangeSeparator":"","_EventOrganizerID":[],"_EventVenueID":[],"_OrganizerEmail":"","_OrganizerPhone":"","_OrganizerWebsite":"","_VenueAddress":"","_VenueCity":"","_VenueCountry":"","_VenueProvince":"","_VenueState":"","_VenueZip":"","_VenuePhone":"","_VenueURL":"","_VenueStateProvince":"","_VenueLat":"","_VenueLng":"","_VenueShowMap":false,"_VenueShowMapLink":false,"iawp_total_views":169,"footnotes":""},"class_list":["post-99","page","type-page","status-publish","has-post-thumbnail","hentry"],"aioseo_notices":[],"_links":{"self":[{"href":"https:\/\/www.relsberg.de\/index.php\/wp-json\/wp\/v2\/pages\/99","targetHints":{"allow":["GET"]}}],"collection":[{"href":"https:\/\/www.relsberg.de\/index.php\/wp-json\/wp\/v2\/pages"}],"about":[{"href":"https:\/\/www.relsberg.de\/index.php\/wp-json\/wp\/v2\/types\/page"}],"author":[{"embeddable":true,"href":"https:\/\/www.relsberg.de\/index.php\/wp-json\/wp\/v2\/users\/1"}],"replies":[{"embeddable":true,"href":"https:\/\/www.relsberg.de\/index.php\/wp-json\/wp\/v2\/comments?post=99"}],"version-history":[{"count":11,"href":"https:\/\/www.relsberg.de\/index.php\/wp-json\/wp\/v2\/pages\/99\/revisions"}],"predecessor-version":[{"id":3045,"href":"https:\/\/www.relsberg.de\/index.php\/wp-json\/wp\/v2\/pages\/99\/revisions\/3045"}],"up":[{"embeddable":true,"href":"https:\/\/www.relsberg.de\/index.php\/wp-json\/wp\/v2\/pages\/11"}],"wp:featuredmedia":[{"embeddable":true,"href":"https:\/\/www.relsberg.de\/index.php\/wp-json\/wp\/v2\/media\/3042"}],"wp:attachment":[{"href":"https:\/\/www.relsberg.de\/index.php\/wp-json\/wp\/v2\/media?parent=99"}],"curies":[{"name":"wp","href":"https:\/\/api.w.org\/{rel}","templated":true}]}}